{"id":18468,"date":"2025-09-15T12:19:32","date_gmt":"2025-09-15T12:19:32","guid":{"rendered":"https:\/\/packit.eu\/datenschutzerklaerung\/"},"modified":"2025-10-06T13:10:14","modified_gmt":"2025-10-06T13:10:14","slug":"datenschutzerklaerung","status":"publish","type":"page","link":"https:\/\/packit.eu\/de\/datenschutzerklaerung\/","title":{"rendered":"Datenschutzerkl\u00e4rung"},"content":{"rendered":"\t\t<div data-elementor-type=\"wp-page\" data-elementor-id=\"18468\" class=\"elementor elementor-18468 elementor-10629\" data-elementor-post-type=\"page\">\n\t\t\t\t<div class=\"elementor-element elementor-element-63d65ec1 achtergrond-blauw sp-s e-flex e-con-boxed e-con e-parent\" data-id=\"63d65ec1\" data-element_type=\"container\" data-e-type=\"container\">\n\t\t\t\t\t<div class=\"e-con-inner\">\n\t\t<div class=\"elementor-element elementor-element-5b91dafb e-con-full e-flex e-con e-child\" data-id=\"5b91dafb\" data-element_type=\"container\" data-e-type=\"container\">\n\t\t\t\t<div class=\"elementor-element elementor-element-1a60a59d elementor-widget elementor-widget-heading\" data-id=\"1a60a59d\" data-element_type=\"widget\" data-e-type=\"widget\" data-widget_type=\"heading.default\">\n\t\t\t\t\t<h5 class=\"elementor-heading-title elementor-size-default\">Datenschutzrichtlinie Pack-It B.V.<\/h5>\t\t\t\t<\/div>\n\t\t\t\t<div class=\"elementor-element elementor-element-5fa2a9e0 elementor-widget elementor-widget-heading\" data-id=\"5fa2a9e0\" data-element_type=\"widget\" data-e-type=\"widget\" data-widget_type=\"heading.default\">\n\t\t\t\t\t<h2 class=\"elementor-heading-title elementor-size-default\">Wir legen gro\u00dfen Wert auf Ihre Privatsph\u00e4re<\/h2>\t\t\t\t<\/div>\n\t\t\t\t<\/div>\n\t\t\t\t<div class=\"elementor-element elementor-element-cdf5e92 elementor-widget elementor-widget-text-editor\" data-id=\"cdf5e92\" data-element_type=\"widget\" data-e-type=\"widget\" data-widget_type=\"text-editor.default\">\n\t\t\t\t\t\t\t\t\tBei Packit legen wir gro\u00dfen Wert auf Ihre Privatsph\u00e4re und den Schutz Ihrer pers\u00f6nlichen Daten. In dieser Datenschutzrichtlinie erl\u00e4utern wir, wie wir mit den Daten umgehen, die wir w\u00e4hrend Ihres Besuchs auf unserer Website und bei der Nutzung unserer Dienste erfassen. \t\t\t\t\t\t\t\t<\/div>\n\t\t\t\t\t<\/div>\n\t\t\t\t<\/div>\n\t\t<div class=\"elementor-element elementor-element-3788fb9 achtergrond-blauw sp-xl e-flex e-con-boxed e-con e-parent\" data-id=\"3788fb9\" data-element_type=\"container\" data-e-type=\"container\">\n\t\t\t\t\t<div class=\"e-con-inner\">\n\t\t<div class=\"elementor-element elementor-element-3f9b8be8 e-con-full e-flex e-con e-child\" data-id=\"3f9b8be8\" data-element_type=\"container\" data-e-type=\"container\">\n\t\t\t\t<div data-dce-title-color=\"#005BBB\" class=\"elementor-element elementor-element-6ec1529 elementor-widget elementor-widget-heading\" data-id=\"6ec1529\" data-element_type=\"widget\" data-e-type=\"widget\" data-widget_type=\"heading.default\">\n\t\t\t\t\t<h3 class=\"elementor-heading-title elementor-size-default\">1. Welche Daten erfassen wir? <\/h3>\t\t\t\t<\/div>\n\t\t\t\t<div class=\"elementor-element elementor-element-557ec19d elementor-widget elementor-widget-text-editor\" data-id=\"557ec19d\" data-element_type=\"widget\" data-e-type=\"widget\" data-widget_type=\"text-editor.default\">\n\t\t\t\t\t\t\t\t\t<p>\u2022 Name und Kontaktdaten (wie Adresse, Telefonnummer und E-Mail-Adresse)<br>\u2022 Daten \u00fcber Ihre Bestellung und Kaufhistorie<br>\u2022 Kontodaten, falls Sie ein Konto erstellt haben<br>\u2022 Website- und Nutzungsdaten \u00fcber Cookies und vergleichbare Technologien<\/p>\t\t\t\t\t\t\t\t<\/div>\n\t\t\t\t<\/div>\n\t\t<div class=\"elementor-element elementor-element-7d8df384 e-con-full achtergrond-blauw e-flex e-con e-child\" data-id=\"7d8df384\" data-element_type=\"container\" data-e-type=\"container\">\n\t\t\t\t<div data-dce-title-color=\"#005BBB\" class=\"elementor-element elementor-element-1e7e6e7d elementor-widget elementor-widget-heading\" data-id=\"1e7e6e7d\" data-element_type=\"widget\" data-e-type=\"widget\" data-widget_type=\"heading.default\">\n\t\t\t\t\t<h3 class=\"elementor-heading-title elementor-size-default\">2. Wie verwenden wir Ihre Daten? <\/h3>\t\t\t\t<\/div>\n\t\t\t\t<div class=\"elementor-element elementor-element-79d539d6 elementor-widget elementor-widget-text-editor\" data-id=\"79d539d6\" data-element_type=\"widget\" data-e-type=\"widget\" data-widget_type=\"text-editor.default\">\n\t\t\t\t\t\t\t\t\t<p>\u2022 Um Bestellungen zu verarbeiten und zu liefern<br>\u2022 Um unsere Dienstleistungen zu verbessern und zu personalisieren<br>\u2022 F\u00fcr die Kommunikation \u00fcber Ihre Bestellungen und eventuelle Fragen oder Beschwerden<br>\u2022 Um Marketing- und Werbeaktivit\u00e4ten zu unterst\u00fctzen (sofern Sie dazu Ihre Einwilligung gegeben haben)<br>\u2022 Um gesetzliche Verpflichtungen zu erf\u00fcllen<\/p>\t\t\t\t\t\t\t\t<\/div>\n\t\t\t\t<\/div>\n\t\t<div class=\"elementor-element elementor-element-398b019 e-con-full e-flex e-con e-child\" data-id=\"398b019\" data-element_type=\"container\" data-e-type=\"container\">\n\t\t\t\t<div data-dce-title-color=\"#005BBB\" class=\"elementor-element elementor-element-7f4b4ae elementor-widget elementor-widget-heading\" data-id=\"7f4b4ae\" data-element_type=\"widget\" data-e-type=\"widget\" data-widget_type=\"heading.default\">\n\t\t\t\t\t<h3 class=\"elementor-heading-title elementor-size-default\">3. Mit wem teilen wir Ihre Daten? <\/h3>\t\t\t\t<\/div>\n\t\t\t\t<div class=\"elementor-element elementor-element-820f838 elementor-widget elementor-widget-text-editor\" data-id=\"820f838\" data-element_type=\"widget\" data-e-type=\"widget\" data-widget_type=\"text-editor.default\">\n\t\t\t\t\t\t\t\t\t<p>\u2022 Versand- und Zustelldienste<br>\u2022 Zahlungsabwickler<br>\u2022 IT-Lieferanten und Hosting-Dienste<br>\u2022 Beh\u00f6rden, sofern gesetzlich vorgeschrieben<\/p>\t\t\t\t\t\t\t\t<\/div>\n\t\t\t\t<\/div>\n\t\t<div class=\"elementor-element elementor-element-c4f8974 e-con-full e-flex e-con e-child\" data-id=\"c4f8974\" data-element_type=\"container\" data-e-type=\"container\">\n\t\t\t\t<div data-dce-title-color=\"#005BBB\" class=\"elementor-element elementor-element-8beba31 elementor-widget elementor-widget-heading\" data-id=\"8beba31\" data-element_type=\"widget\" data-e-type=\"widget\" data-widget_type=\"heading.default\">\n\t\t\t\t\t<h3 class=\"elementor-heading-title elementor-size-default\">4. Wie sch\u00fctzen wir Ihre Daten? <\/h3>\t\t\t\t<\/div>\n\t\t\t\t<div class=\"elementor-element elementor-element-322ac6f elementor-widget elementor-widget-text-editor\" data-id=\"322ac6f\" data-element_type=\"widget\" data-e-type=\"widget\" data-widget_type=\"text-editor.default\">\n\t\t\t\t\t\t\t\t\t<p>\u2022 Durch die Verwendung von sicheren Servern und Verschl\u00fcsselung<br>\u2022 Durch beschr\u00e4nkten Zugriff auf Ihre Daten nur f\u00fcr autorisierte Mitarbeiter<\/p>\t\t\t\t\t\t\t\t<\/div>\n\t\t\t\t<\/div>\n\t\t<div class=\"elementor-element elementor-element-579c287 e-con-full e-flex e-con e-child\" data-id=\"579c287\" data-element_type=\"container\" data-e-type=\"container\">\n\t\t\t\t<div data-dce-title-color=\"#005BBB\" class=\"elementor-element elementor-element-7d44a4e elementor-widget elementor-widget-heading\" data-id=\"7d44a4e\" data-element_type=\"widget\" data-e-type=\"widget\" data-widget_type=\"heading.default\">\n\t\t\t\t\t<h3 class=\"elementor-heading-title elementor-size-default\">5. Wie lange bewahren wir Ihre Daten auf? <\/h3>\t\t\t\t<\/div>\n\t\t\t\t<div class=\"elementor-element elementor-element-4c6766c elementor-widget elementor-widget-text-editor\" data-id=\"4c6766c\" data-element_type=\"widget\" data-e-type=\"widget\" data-widget_type=\"text-editor.default\">\n\t\t\t\t\t\t\t\t\t<p>\u2022 So lange wie f\u00fcr die Durchf\u00fchrung des Vertrags erforderlich und um gesetzliche Verpflichtungen zu erf\u00fcllen.<br>\u2022 Beispielsweise werden Rechnungen 7 Jahre lang aufbewahrt.<\/p>\t\t\t\t\t\t\t\t<\/div>\n\t\t\t\t<\/div>\n\t\t<div class=\"elementor-element elementor-element-0d0133b e-con-full e-flex e-con e-child\" data-id=\"0d0133b\" data-element_type=\"container\" data-e-type=\"container\">\n\t\t\t\t<div data-dce-title-color=\"#005BBB\" class=\"elementor-element elementor-element-c20c9aa elementor-widget elementor-widget-heading\" data-id=\"c20c9aa\" data-element_type=\"widget\" data-e-type=\"widget\" data-widget_type=\"heading.default\">\n\t\t\t\t\t<h3 class=\"elementor-heading-title elementor-size-default\">6. Ihre Rechte <\/h3>\t\t\t\t<\/div>\n\t\t\t\t<div class=\"elementor-element elementor-element-18eeeba elementor-widget elementor-widget-text-editor\" data-id=\"18eeeba\" data-element_type=\"widget\" data-e-type=\"widget\" data-widget_type=\"text-editor.default\">\n\t\t\t\t\t\t\t\t\t<p>\u2022 Sie haben das Recht auf Einsicht in Ihre personenbezogenen Daten<br>\u2022 Sie k\u00f6nnen Ihre Daten korrigieren oder l\u00f6schen lassen<br>\u2022 Sie k\u00f6nnen sich von unserer kommerziellen Kommunikation abmelden<\/p>\t\t\t\t\t\t\t\t<\/div>\n\t\t\t\t<\/div>\n\t\t<div class=\"elementor-element elementor-element-9189b1d e-con-full e-flex e-con e-child\" data-id=\"9189b1d\" data-element_type=\"container\" data-e-type=\"container\">\n\t\t\t\t<div data-dce-title-color=\"#005BBB\" class=\"elementor-element elementor-element-776fef0 elementor-widget elementor-widget-heading\" data-id=\"776fef0\" data-element_type=\"widget\" data-e-type=\"widget\" data-widget_type=\"heading.default\">\n\t\t\t\t\t<h3 class=\"elementor-heading-title elementor-size-default\">7. Kontakt<\/h3>\t\t\t\t<\/div>\n\t\t\t\t<div class=\"elementor-element elementor-element-e3bd3c0 elementor-widget elementor-widget-text-editor\" data-id=\"e3bd3c0\" data-element_type=\"widget\" data-e-type=\"widget\" data-widget_type=\"text-editor.default\">\n\t\t\t\t\t\t\t\t\t<p>F\u00fcr Fragen oder Anmerkungen zu unserer Datenschutzrichtlinie k\u00f6nnen Sie uns \u00fcber info@packit.eu kontaktieren <\/p>\t\t\t\t\t\t\t\t<\/div>\n\t\t\t\t<\/div>\n\t\t\t\t\t<\/div>\n\t\t\t\t<\/div>\n\t\t\t\t<\/div>\n\t\t","protected":false},"excerpt":{"rendered":"<p>Datenschutzrichtlinie Pack-It B.V. Wir legen gro\u00dfen Wert auf Ihre Privatsph\u00e4re Bei Packit legen wir gro\u00dfen Wert auf Ihre Privatsph\u00e4re und den Schutz Ihrer pers\u00f6nlichen Daten. In dieser Datenschutzrichtlinie erl\u00e4utern wir, wie wir mit den Daten umgehen, die wir w\u00e4hrend Ihres Besuchs auf unserer Website und bei der Nutzung unserer Dienste erfassen. 1. Welche Daten erfassen [&hellip;]<\/p>\n","protected":false},"author":2,"featured_media":0,"parent":0,"menu_order":0,"comment_status":"closed","ping_status":"closed","template":"","meta":{"_acf_changed":false,"inline_featured_image":false,"footnotes":""},"class_list":["post-18468","page","type-page","status-publish","hentry"],"acf":[],"_links":{"self":[{"href":"https:\/\/packit.eu\/de\/wp-json\/wp\/v2\/pages\/18468","targetHints":{"allow":["GET"]}}],"collection":[{"href":"https:\/\/packit.eu\/de\/wp-json\/wp\/v2\/pages"}],"about":[{"href":"https:\/\/packit.eu\/de\/wp-json\/wp\/v2\/types\/page"}],"author":[{"embeddable":true,"href":"https:\/\/packit.eu\/de\/wp-json\/wp\/v2\/users\/2"}],"replies":[{"embeddable":true,"href":"https:\/\/packit.eu\/de\/wp-json\/wp\/v2\/comments?post=18468"}],"version-history":[{"count":1,"href":"https:\/\/packit.eu\/de\/wp-json\/wp\/v2\/pages\/18468\/revisions"}],"predecessor-version":[{"id":18472,"href":"https:\/\/packit.eu\/de\/wp-json\/wp\/v2\/pages\/18468\/revisions\/18472"}],"wp:attachment":[{"href":"https:\/\/packit.eu\/de\/wp-json\/wp\/v2\/media?parent=18468"}],"curies":[{"name":"wp","href":"https:\/\/api.w.org\/{rel}","templated":true}]}}