{"id":33876,"date":"2025-09-15T12:19:32","date_gmt":"2025-09-15T12:19:32","guid":{"rendered":"https:\/\/packit.eu\/declaracion-de-privacidad\/"},"modified":"2025-12-15T10:05:47","modified_gmt":"2025-12-15T10:05:47","slug":"declaracion-de-privacidad","status":"publish","type":"page","link":"https:\/\/packit.eu\/es\/declaracion-de-privacidad\/","title":{"rendered":"Declaraci\u00f3n de privacidad"},"content":{"rendered":"\t\t<div data-elementor-type=\"wp-page\" data-elementor-id=\"33876\" class=\"elementor elementor-33876 elementor-10629\" data-elementor-post-type=\"page\">\n\t\t\t\t<div class=\"elementor-element elementor-element-63d65ec1 achtergrond-blauw sp-s e-flex e-con-boxed e-con e-parent\" data-id=\"63d65ec1\" data-element_type=\"container\" data-e-type=\"container\">\n\t\t\t\t\t<div class=\"e-con-inner\">\n\t\t<div class=\"elementor-element elementor-element-5b91dafb e-con-full e-flex e-con e-child\" data-id=\"5b91dafb\" data-element_type=\"container\" data-e-type=\"container\">\n\t\t\t\t<div class=\"elementor-element elementor-element-1a60a59d elementor-widget elementor-widget-heading\" data-id=\"1a60a59d\" data-element_type=\"widget\" data-e-type=\"widget\" data-widget_type=\"heading.default\">\n\t\t\t\t\t<h5 class=\"elementor-heading-title elementor-size-default\">Pol\u00edtica de privacidad de Pack-It B.V.<\/h5>\t\t\t\t<\/div>\n\t\t\t\t<div class=\"elementor-element elementor-element-5fa2a9e0 elementor-widget elementor-widget-heading\" data-id=\"5fa2a9e0\" data-element_type=\"widget\" data-e-type=\"widget\" data-widget_type=\"heading.default\">\n\t\t\t\t\t<h2 class=\"elementor-heading-title elementor-size-default\">Valoramos mucho su privacidad<\/h2>\t\t\t\t<\/div>\n\t\t\t\t<\/div>\n\t\t\t\t<div class=\"elementor-element elementor-element-cdf5e92 elementor-widget elementor-widget-text-editor\" data-id=\"cdf5e92\" data-element_type=\"widget\" data-e-type=\"widget\" data-widget_type=\"text-editor.default\">\n\t\t\t\t\t\t\t\t\tEn Packit, valoramos mucho su privacidad y la protecci\u00f3n de sus datos personales. En esta pol\u00edtica de privacidad, explicamos c\u00f3mo gestionamos los datos que recopilamos durante su visita a nuestro sitio web y al utilizar nuestros servicios. \t\t\t\t\t\t\t\t<\/div>\n\t\t\t\t\t<\/div>\n\t\t\t\t<\/div>\n\t\t<div class=\"elementor-element elementor-element-3788fb9 achtergrond-blauw sp-xl e-flex e-con-boxed e-con e-parent\" data-id=\"3788fb9\" data-element_type=\"container\" data-e-type=\"container\">\n\t\t\t\t\t<div class=\"e-con-inner\">\n\t\t<div class=\"elementor-element elementor-element-3f9b8be8 e-con-full e-flex e-con e-child\" data-id=\"3f9b8be8\" data-element_type=\"container\" data-e-type=\"container\">\n\t\t\t\t<div data-dce-title-color=\"#005BBB\" class=\"elementor-element elementor-element-6ec1529 elementor-widget elementor-widget-heading\" data-id=\"6ec1529\" data-element_type=\"widget\" data-e-type=\"widget\" data-widget_type=\"heading.default\">\n\t\t\t\t\t<h3 class=\"elementor-heading-title elementor-size-default\">1. \u00bfQu\u00e9 datos recopilamos? <\/h3>\t\t\t\t<\/div>\n\t\t\t\t<div class=\"elementor-element elementor-element-557ec19d elementor-widget elementor-widget-text-editor\" data-id=\"557ec19d\" data-element_type=\"widget\" data-e-type=\"widget\" data-widget_type=\"text-editor.default\">\n\t\t\t\t\t\t\t\t\t<p>\u2022 Nombre e informaci\u00f3n de contacto (como direcci\u00f3n, n\u00famero de tel\u00e9fono y direcci\u00f3n de correo electr\u00f3nico)<br>\u2022 Datos sobre su pedido e historial de compras<br>\u2022 Datos de la cuenta si ha creado una cuenta<br>\u2022 Datos del sitio web y de uso a trav\u00e9s de cookies y tecnolog\u00edas similares<\/p>\t\t\t\t\t\t\t\t<\/div>\n\t\t\t\t<\/div>\n\t\t<div class=\"elementor-element elementor-element-7d8df384 e-con-full achtergrond-blauw e-flex e-con e-child\" data-id=\"7d8df384\" data-element_type=\"container\" data-e-type=\"container\">\n\t\t\t\t<div data-dce-title-color=\"#005BBB\" class=\"elementor-element elementor-element-1e7e6e7d elementor-widget elementor-widget-heading\" data-id=\"1e7e6e7d\" data-element_type=\"widget\" data-e-type=\"widget\" data-widget_type=\"heading.default\">\n\t\t\t\t\t<h3 class=\"elementor-heading-title elementor-size-default\">2. \u00bfC\u00f3mo utilizamos sus datos? <\/h3>\t\t\t\t<\/div>\n\t\t\t\t<div class=\"elementor-element elementor-element-79d539d6 elementor-widget elementor-widget-text-editor\" data-id=\"79d539d6\" data-element_type=\"widget\" data-e-type=\"widget\" data-widget_type=\"text-editor.default\">\n\t\t\t\t\t\t\t\t\t<p>\u2022 Para procesar y entregar pedidos<br>\u2022 Para mejorar y personalizar nuestros servicios<br>\u2022 Para comunicarnos sobre sus pedidos y cualquier pregunta o queja<br>\u2022 Para apoyar actividades de marketing y promoci\u00f3n (si ha dado su consentimiento para ello)<br>\u2022 Para cumplir con las obligaciones legales<\/p>\t\t\t\t\t\t\t\t<\/div>\n\t\t\t\t<\/div>\n\t\t<div class=\"elementor-element elementor-element-398b019 e-con-full e-flex e-con e-child\" data-id=\"398b019\" data-element_type=\"container\" data-e-type=\"container\">\n\t\t\t\t<div data-dce-title-color=\"#005BBB\" class=\"elementor-element elementor-element-7f4b4ae elementor-widget elementor-widget-heading\" data-id=\"7f4b4ae\" data-element_type=\"widget\" data-e-type=\"widget\" data-widget_type=\"heading.default\">\n\t\t\t\t\t<h3 class=\"elementor-heading-title elementor-size-default\">3. \u00bfCon qui\u00e9n compartimos sus datos? <\/h3>\t\t\t\t<\/div>\n\t\t\t\t<div class=\"elementor-element elementor-element-820f838 elementor-widget elementor-widget-text-editor\" data-id=\"820f838\" data-element_type=\"widget\" data-e-type=\"widget\" data-widget_type=\"text-editor.default\">\n\t\t\t\t\t\t\t\t\t<p>\u2022 Servicios de env\u00edo y entrega<br>\u2022 Procesadores de pagos<br>\u2022 Proveedores de TI y servicios de alojamiento<br>\u2022 Organismos gubernamentales si as\u00ed lo exige la ley<\/p>\t\t\t\t\t\t\t\t<\/div>\n\t\t\t\t<\/div>\n\t\t<div class=\"elementor-element elementor-element-c4f8974 e-con-full e-flex e-con e-child\" data-id=\"c4f8974\" data-element_type=\"container\" data-e-type=\"container\">\n\t\t\t\t<div data-dce-title-color=\"#005BBB\" class=\"elementor-element elementor-element-8beba31 elementor-widget elementor-widget-heading\" data-id=\"8beba31\" data-element_type=\"widget\" data-e-type=\"widget\" data-widget_type=\"heading.default\">\n\t\t\t\t\t<h3 class=\"elementor-heading-title elementor-size-default\">4. \u00bfC\u00f3mo protegemos sus datos? <\/h3>\t\t\t\t<\/div>\n\t\t\t\t<div class=\"elementor-element elementor-element-322ac6f elementor-widget elementor-widget-text-editor\" data-id=\"322ac6f\" data-element_type=\"widget\" data-e-type=\"widget\" data-widget_type=\"text-editor.default\">\n\t\t\t\t\t\t\t\t\t<p>\u2022 Mediante el uso de servidores seguros y cifrado<br>\u2022 Mediante el acceso limitado a sus datos solo a empleados autorizados<\/p>\t\t\t\t\t\t\t\t<\/div>\n\t\t\t\t<\/div>\n\t\t<div class=\"elementor-element elementor-element-579c287 e-con-full e-flex e-con e-child\" data-id=\"579c287\" data-element_type=\"container\" data-e-type=\"container\">\n\t\t\t\t<div data-dce-title-color=\"#005BBB\" class=\"elementor-element elementor-element-7d44a4e elementor-widget elementor-widget-heading\" data-id=\"7d44a4e\" data-element_type=\"widget\" data-e-type=\"widget\" data-widget_type=\"heading.default\">\n\t\t\t\t\t<h3 class=\"elementor-heading-title elementor-size-default\">5. \u00bfCu\u00e1nto tiempo conservamos sus datos? <\/h3>\t\t\t\t<\/div>\n\t\t\t\t<div class=\"elementor-element elementor-element-4c6766c elementor-widget elementor-widget-text-editor\" data-id=\"4c6766c\" data-element_type=\"widget\" data-e-type=\"widget\" data-widget_type=\"text-editor.default\">\n\t\t\t\t\t\t\t\t\t<p>\u2022 El tiempo necesario para la ejecuci\u00f3n del contrato y para cumplir con las obligaciones legales.<br>\u2022 Por ejemplo, las facturas se conservan durante 7 a\u00f1os.<\/p>\t\t\t\t\t\t\t\t<\/div>\n\t\t\t\t<\/div>\n\t\t<div class=\"elementor-element elementor-element-0d0133b e-con-full e-flex e-con e-child\" data-id=\"0d0133b\" data-element_type=\"container\" data-e-type=\"container\">\n\t\t\t\t<div data-dce-title-color=\"#005BBB\" class=\"elementor-element elementor-element-c20c9aa elementor-widget elementor-widget-heading\" data-id=\"c20c9aa\" data-element_type=\"widget\" data-e-type=\"widget\" data-widget_type=\"heading.default\">\n\t\t\t\t\t<h3 class=\"elementor-heading-title elementor-size-default\">6. Sus derechos <\/h3>\t\t\t\t<\/div>\n\t\t\t\t<div class=\"elementor-element elementor-element-18eeeba elementor-widget elementor-widget-text-editor\" data-id=\"18eeeba\" data-element_type=\"widget\" data-e-type=\"widget\" data-widget_type=\"text-editor.default\">\n\t\t\t\t\t\t\t\t\t<p>\u2022 Tiene derecho a acceder a sus datos personales<br>\u2022 Puede solicitar que se corrijan o eliminen sus datos<br>\u2022 Puede darse de baja de nuestras comunicaciones comerciales<\/p>\t\t\t\t\t\t\t\t<\/div>\n\t\t\t\t<\/div>\n\t\t<div class=\"elementor-element elementor-element-9189b1d e-con-full e-flex e-con e-child\" data-id=\"9189b1d\" data-element_type=\"container\" data-e-type=\"container\">\n\t\t\t\t<div data-dce-title-color=\"#005BBB\" class=\"elementor-element elementor-element-776fef0 elementor-widget elementor-widget-heading\" data-id=\"776fef0\" data-element_type=\"widget\" data-e-type=\"widget\" data-widget_type=\"heading.default\">\n\t\t\t\t\t<h3 class=\"elementor-heading-title elementor-size-default\">7. Contacto<\/h3>\t\t\t\t<\/div>\n\t\t\t\t<div class=\"elementor-element elementor-element-e3bd3c0 elementor-widget elementor-widget-text-editor\" data-id=\"e3bd3c0\" data-element_type=\"widget\" data-e-type=\"widget\" data-widget_type=\"text-editor.default\">\n\t\t\t\t\t\t\t\t\t<p>Si tiene preguntas o comentarios sobre nuestra pol\u00edtica de privacidad, puede ponerse en contacto con nosotros a trav\u00e9s de info@packit.eu <\/p>\t\t\t\t\t\t\t\t<\/div>\n\t\t\t\t<\/div>\n\t\t\t\t\t<\/div>\n\t\t\t\t<\/div>\n\t\t\t\t<\/div>\n\t\t","protected":false},"excerpt":{"rendered":"<p>Pol\u00edtica de privacidad de Pack-It B.V. Valoramos mucho su privacidad En Packit, valoramos mucho su privacidad y la protecci\u00f3n de sus datos personales. En esta pol\u00edtica de privacidad, explicamos c\u00f3mo gestionamos los datos que recopilamos durante su visita a nuestro sitio web y al utilizar nuestros servicios. 1. \u00bfQu\u00e9 datos recopilamos? \u2022 Nombre e informaci\u00f3n [&hellip;]<\/p>\n","protected":false},"author":2,"featured_media":0,"parent":0,"menu_order":0,"comment_status":"closed","ping_status":"closed","template":"","meta":{"_acf_changed":false,"inline_featured_image":false,"footnotes":""},"class_list":["post-33876","page","type-page","status-publish","hentry"],"acf":[],"_links":{"self":[{"href":"https:\/\/packit.eu\/es\/wp-json\/wp\/v2\/pages\/33876","targetHints":{"allow":["GET"]}}],"collection":[{"href":"https:\/\/packit.eu\/es\/wp-json\/wp\/v2\/pages"}],"about":[{"href":"https:\/\/packit.eu\/es\/wp-json\/wp\/v2\/types\/page"}],"author":[{"embeddable":true,"href":"https:\/\/packit.eu\/es\/wp-json\/wp\/v2\/users\/2"}],"replies":[{"embeddable":true,"href":"https:\/\/packit.eu\/es\/wp-json\/wp\/v2\/comments?post=33876"}],"version-history":[{"count":1,"href":"https:\/\/packit.eu\/es\/wp-json\/wp\/v2\/pages\/33876\/revisions"}],"predecessor-version":[{"id":33879,"href":"https:\/\/packit.eu\/es\/wp-json\/wp\/v2\/pages\/33876\/revisions\/33879"}],"wp:attachment":[{"href":"https:\/\/packit.eu\/es\/wp-json\/wp\/v2\/media?parent=33876"}],"curies":[{"name":"wp","href":"https:\/\/api.w.org\/{rel}","templated":true}]}}