{"id":19587,"date":"2025-09-15T12:19:32","date_gmt":"2025-09-15T12:19:32","guid":{"rendered":"https:\/\/packit.eu\/declaration-de-confidentialite\/"},"modified":"2025-10-17T06:42:30","modified_gmt":"2025-10-17T06:42:30","slug":"declaration-de-confidentialite","status":"publish","type":"page","link":"https:\/\/packit.eu\/fr\/declaration-de-confidentialite\/","title":{"rendered":"D\u00e9claration de confidentialit\u00e9"},"content":{"rendered":"\t\t<div data-elementor-type=\"wp-page\" data-elementor-id=\"19587\" class=\"elementor elementor-19587 elementor-10629\" data-elementor-post-type=\"page\">\n\t\t\t\t<div class=\"elementor-element elementor-element-63d65ec1 achtergrond-blauw sp-s e-flex e-con-boxed e-con e-parent\" data-id=\"63d65ec1\" data-element_type=\"container\" data-e-type=\"container\">\n\t\t\t\t\t<div class=\"e-con-inner\">\n\t\t<div class=\"elementor-element elementor-element-5b91dafb e-con-full e-flex e-con e-child\" data-id=\"5b91dafb\" data-element_type=\"container\" data-e-type=\"container\">\n\t\t\t\t<div class=\"elementor-element elementor-element-1a60a59d elementor-widget elementor-widget-heading\" data-id=\"1a60a59d\" data-element_type=\"widget\" data-e-type=\"widget\" data-widget_type=\"heading.default\">\n\t\t\t\t\t<h5 class=\"elementor-heading-title elementor-size-default\">Politique de confidentialit\u00e9 de Pack-It B.V.<\/h5>\t\t\t\t<\/div>\n\t\t\t\t<div class=\"elementor-element elementor-element-5fa2a9e0 elementor-widget elementor-widget-heading\" data-id=\"5fa2a9e0\" data-element_type=\"widget\" data-e-type=\"widget\" data-widget_type=\"heading.default\">\n\t\t\t\t\t<h2 class=\"elementor-heading-title elementor-size-default\">Nous accordons une grande importance \u00e0 votre vie priv\u00e9e<\/h2>\t\t\t\t<\/div>\n\t\t\t\t<\/div>\n\t\t\t\t<div class=\"elementor-element elementor-element-cdf5e92 elementor-widget elementor-widget-text-editor\" data-id=\"cdf5e92\" data-element_type=\"widget\" data-e-type=\"widget\" data-widget_type=\"text-editor.default\">\n\t\t\t\t\t\t\t\t\tChez Packit, nous accordons une grande importance \u00e0 votre vie priv\u00e9e et \u00e0 la protection de vos donn\u00e9es personnelles. Dans cette politique de confidentialit\u00e9, nous expliquons comment nous traitons les donn\u00e9es que nous collectons lors de votre visite sur notre site web et lors de l&rsquo;utilisation de nos services. \t\t\t\t\t\t\t\t<\/div>\n\t\t\t\t\t<\/div>\n\t\t\t\t<\/div>\n\t\t<div class=\"elementor-element elementor-element-3788fb9 achtergrond-blauw sp-xl e-flex e-con-boxed e-con e-parent\" data-id=\"3788fb9\" data-element_type=\"container\" data-e-type=\"container\">\n\t\t\t\t\t<div class=\"e-con-inner\">\n\t\t<div class=\"elementor-element elementor-element-3f9b8be8 e-con-full e-flex e-con e-child\" data-id=\"3f9b8be8\" data-element_type=\"container\" data-e-type=\"container\">\n\t\t\t\t<div data-dce-title-color=\"#005BBB\" class=\"elementor-element elementor-element-6ec1529 elementor-widget elementor-widget-heading\" data-id=\"6ec1529\" data-element_type=\"widget\" data-e-type=\"widget\" data-widget_type=\"heading.default\">\n\t\t\t\t\t<h3 class=\"elementor-heading-title elementor-size-default\">1. Quelles donn\u00e9es collectons-nous&nbsp;? <\/h3>\t\t\t\t<\/div>\n\t\t\t\t<div class=\"elementor-element elementor-element-557ec19d elementor-widget elementor-widget-text-editor\" data-id=\"557ec19d\" data-element_type=\"widget\" data-e-type=\"widget\" data-widget_type=\"text-editor.default\">\n\t\t\t\t\t\t\t\t\t<p>\u2022&nbsp;Nom et coordonn\u00e9es (tels que l&rsquo;adresse, le num\u00e9ro de t\u00e9l\u00e9phone et l&rsquo;adresse e-mail)<br>\u2022&nbsp;Informations sur votre commande et votre historique d&rsquo;achats<br>\u2022&nbsp;Informations de compte si vous avez cr\u00e9\u00e9 un compte<br>\u2022&nbsp;Donn\u00e9es d&rsquo;utilisation du site web via des cookies et des technologies similaires<\/p>\t\t\t\t\t\t\t\t<\/div>\n\t\t\t\t<\/div>\n\t\t<div class=\"elementor-element elementor-element-7d8df384 e-con-full achtergrond-blauw e-flex e-con e-child\" data-id=\"7d8df384\" data-element_type=\"container\" data-e-type=\"container\">\n\t\t\t\t<div data-dce-title-color=\"#005BBB\" class=\"elementor-element elementor-element-1e7e6e7d elementor-widget elementor-widget-heading\" data-id=\"1e7e6e7d\" data-element_type=\"widget\" data-e-type=\"widget\" data-widget_type=\"heading.default\">\n\t\t\t\t\t<h3 class=\"elementor-heading-title elementor-size-default\">2. Comment utilisons-nous vos donn\u00e9es&nbsp;? <\/h3>\t\t\t\t<\/div>\n\t\t\t\t<div class=\"elementor-element elementor-element-79d539d6 elementor-widget elementor-widget-text-editor\" data-id=\"79d539d6\" data-element_type=\"widget\" data-e-type=\"widget\" data-widget_type=\"text-editor.default\">\n\t\t\t\t\t\t\t\t\t<p>\u2022&nbsp;Pour traiter et livrer les commandes<br>\u2022&nbsp;Pour am\u00e9liorer et personnaliser nos services<br>\u2022&nbsp;Pour communiquer concernant vos commandes et toute question ou plainte \u00e9ventuelle<br>\u2022&nbsp;Pour soutenir les activit\u00e9s de marketing et de promotion (si vous y avez consenti)<br>\u2022&nbsp;Pour respecter les obligations l\u00e9gales<\/p>\t\t\t\t\t\t\t\t<\/div>\n\t\t\t\t<\/div>\n\t\t<div class=\"elementor-element elementor-element-398b019 e-con-full e-flex e-con e-child\" data-id=\"398b019\" data-element_type=\"container\" data-e-type=\"container\">\n\t\t\t\t<div data-dce-title-color=\"#005BBB\" class=\"elementor-element elementor-element-7f4b4ae elementor-widget elementor-widget-heading\" data-id=\"7f4b4ae\" data-element_type=\"widget\" data-e-type=\"widget\" data-widget_type=\"heading.default\">\n\t\t\t\t\t<h3 class=\"elementor-heading-title elementor-size-default\">3. Avec qui partageons-nous vos donn\u00e9es&nbsp;? <\/h3>\t\t\t\t<\/div>\n\t\t\t\t<div class=\"elementor-element elementor-element-820f838 elementor-widget elementor-widget-text-editor\" data-id=\"820f838\" data-element_type=\"widget\" data-e-type=\"widget\" data-widget_type=\"text-editor.default\">\n\t\t\t\t\t\t\t\t\t<p>\u2022&nbsp;Services d&rsquo;exp\u00e9dition et de livraison<br>\u2022&nbsp;Prestataires de services de paiement<br>\u2022&nbsp;Fournisseurs de services informatiques et d&rsquo;h\u00e9bergement<br>\u2022&nbsp;Organismes gouvernementaux si la loi l&rsquo;exige<\/p>\t\t\t\t\t\t\t\t<\/div>\n\t\t\t\t<\/div>\n\t\t<div class=\"elementor-element elementor-element-c4f8974 e-con-full e-flex e-con e-child\" data-id=\"c4f8974\" data-element_type=\"container\" data-e-type=\"container\">\n\t\t\t\t<div data-dce-title-color=\"#005BBB\" class=\"elementor-element elementor-element-8beba31 elementor-widget elementor-widget-heading\" data-id=\"8beba31\" data-element_type=\"widget\" data-e-type=\"widget\" data-widget_type=\"heading.default\">\n\t\t\t\t\t<h3 class=\"elementor-heading-title elementor-size-default\">4. Comment prot\u00e9geons-nous vos donn\u00e9es&nbsp;? <\/h3>\t\t\t\t<\/div>\n\t\t\t\t<div class=\"elementor-element elementor-element-322ac6f elementor-widget elementor-widget-text-editor\" data-id=\"322ac6f\" data-element_type=\"widget\" data-e-type=\"widget\" data-widget_type=\"text-editor.default\">\n\t\t\t\t\t\t\t\t\t<p>\u2022&nbsp;En utilisant des serveurs s\u00e9curis\u00e9s et le cryptage<br>\u2022&nbsp;En limitant l&rsquo;acc\u00e8s \u00e0 vos donn\u00e9es aux seuls employ\u00e9s autoris\u00e9s<\/p>\t\t\t\t\t\t\t\t<\/div>\n\t\t\t\t<\/div>\n\t\t<div class=\"elementor-element elementor-element-579c287 e-con-full e-flex e-con e-child\" data-id=\"579c287\" data-element_type=\"container\" data-e-type=\"container\">\n\t\t\t\t<div data-dce-title-color=\"#005BBB\" class=\"elementor-element elementor-element-7d44a4e elementor-widget elementor-widget-heading\" data-id=\"7d44a4e\" data-element_type=\"widget\" data-e-type=\"widget\" data-widget_type=\"heading.default\">\n\t\t\t\t\t<h3 class=\"elementor-heading-title elementor-size-default\">5. Combien de temps conservons-nous vos donn\u00e9es&nbsp;? <\/h3>\t\t\t\t<\/div>\n\t\t\t\t<div class=\"elementor-element elementor-element-4c6766c elementor-widget elementor-widget-text-editor\" data-id=\"4c6766c\" data-element_type=\"widget\" data-e-type=\"widget\" data-widget_type=\"text-editor.default\">\n\t\t\t\t\t\t\t\t\t<p>\u2022&nbsp;Aussi longtemps que n\u00e9cessaire pour l&rsquo;ex\u00e9cution du contrat et pour satisfaire aux obligations l\u00e9gales.<br>\u2022&nbsp;Par exemple, les factures sont conserv\u00e9es pendant 7&nbsp;ans.<\/p>\t\t\t\t\t\t\t\t<\/div>\n\t\t\t\t<\/div>\n\t\t<div class=\"elementor-element elementor-element-0d0133b e-con-full e-flex e-con e-child\" data-id=\"0d0133b\" data-element_type=\"container\" data-e-type=\"container\">\n\t\t\t\t<div data-dce-title-color=\"#005BBB\" class=\"elementor-element elementor-element-c20c9aa elementor-widget elementor-widget-heading\" data-id=\"c20c9aa\" data-element_type=\"widget\" data-e-type=\"widget\" data-widget_type=\"heading.default\">\n\t\t\t\t\t<h3 class=\"elementor-heading-title elementor-size-default\">6. Vos droits <\/h3>\t\t\t\t<\/div>\n\t\t\t\t<div class=\"elementor-element elementor-element-18eeeba elementor-widget elementor-widget-text-editor\" data-id=\"18eeeba\" data-element_type=\"widget\" data-e-type=\"widget\" data-widget_type=\"text-editor.default\">\n\t\t\t\t\t\t\t\t\t<p>\u2022&nbsp;Vous avez le droit de consulter vos donn\u00e9es personnelles<br>\u2022&nbsp;Vous pouvez faire rectifier ou supprimer vos donn\u00e9es<br>\u2022&nbsp;Vous pouvez vous d\u00e9sinscrire de nos communications commerciales<\/p>\t\t\t\t\t\t\t\t<\/div>\n\t\t\t\t<\/div>\n\t\t<div class=\"elementor-element elementor-element-9189b1d e-con-full e-flex e-con e-child\" data-id=\"9189b1d\" data-element_type=\"container\" data-e-type=\"container\">\n\t\t\t\t<div data-dce-title-color=\"#005BBB\" class=\"elementor-element elementor-element-776fef0 elementor-widget elementor-widget-heading\" data-id=\"776fef0\" data-element_type=\"widget\" data-e-type=\"widget\" data-widget_type=\"heading.default\">\n\t\t\t\t\t<h3 class=\"elementor-heading-title elementor-size-default\">7. Contact<\/h3>\t\t\t\t<\/div>\n\t\t\t\t<div class=\"elementor-element elementor-element-e3bd3c0 elementor-widget elementor-widget-text-editor\" data-id=\"e3bd3c0\" data-element_type=\"widget\" data-e-type=\"widget\" data-widget_type=\"text-editor.default\">\n\t\t\t\t\t\t\t\t\t<p>Pour toute question ou commentaire concernant notre politique de confidentialit\u00e9, veuillez nous contacter via info@packit.eu <\/p>\t\t\t\t\t\t\t\t<\/div>\n\t\t\t\t<\/div>\n\t\t\t\t\t<\/div>\n\t\t\t\t<\/div>\n\t\t\t\t<\/div>\n\t\t","protected":false},"excerpt":{"rendered":"<p>Politique de confidentialit\u00e9 de Pack-It B.V. Nous accordons une grande importance \u00e0 votre vie priv\u00e9e Chez Packit, nous accordons une grande importance \u00e0 votre vie priv\u00e9e et \u00e0 la protection de vos donn\u00e9es personnelles. Dans cette politique de confidentialit\u00e9, nous expliquons comment nous traitons les donn\u00e9es que nous collectons lors de votre visite sur notre [&hellip;]<\/p>\n","protected":false},"author":2,"featured_media":0,"parent":0,"menu_order":0,"comment_status":"closed","ping_status":"closed","template":"","meta":{"_acf_changed":false,"inline_featured_image":false,"footnotes":""},"class_list":["post-19587","page","type-page","status-publish","hentry"],"acf":[],"_links":{"self":[{"href":"https:\/\/packit.eu\/fr\/wp-json\/wp\/v2\/pages\/19587","targetHints":{"allow":["GET"]}}],"collection":[{"href":"https:\/\/packit.eu\/fr\/wp-json\/wp\/v2\/pages"}],"about":[{"href":"https:\/\/packit.eu\/fr\/wp-json\/wp\/v2\/types\/page"}],"author":[{"embeddable":true,"href":"https:\/\/packit.eu\/fr\/wp-json\/wp\/v2\/users\/2"}],"replies":[{"embeddable":true,"href":"https:\/\/packit.eu\/fr\/wp-json\/wp\/v2\/comments?post=19587"}],"version-history":[{"count":1,"href":"https:\/\/packit.eu\/fr\/wp-json\/wp\/v2\/pages\/19587\/revisions"}],"predecessor-version":[{"id":19589,"href":"https:\/\/packit.eu\/fr\/wp-json\/wp\/v2\/pages\/19587\/revisions\/19589"}],"wp:attachment":[{"href":"https:\/\/packit.eu\/fr\/wp-json\/wp\/v2\/media?parent=19587"}],"curies":[{"name":"wp","href":"https:\/\/api.w.org\/{rel}","templated":true}]}}