{"id":21287,"date":"2025-09-29T11:56:19","date_gmt":"2025-09-29T11:56:19","guid":{"rendered":"https:\/\/packit.eu\/zastrzezenia-prawne\/"},"modified":"2025-09-29T11:56:19","modified_gmt":"2025-09-29T11:56:19","slug":"zastrzezenia-prawne","status":"publish","type":"page","link":"https:\/\/packit.eu\/pl\/zastrzezenia-prawne\/","title":{"rendered":"Zastrze\u017cenia prawne"},"content":{"rendered":"\n<!-- Legal document generated by Complianz | GDPR\/CCPA Cookie Consent https:\/\/wordpress.org\/plugins\/complianz-gdpr -->\n<div id=\"cmplz-document\" class=\"cmplz-document disclaimer cmplz-document-all\"><p>Pack-It B.V. dok\u0142ada wszelkich stara\u0144, aby ta witryna by\u0142a aktualna i dok\u0142adna. Je\u015bli mimo wszystko napotkasz co\u015b, co jest nieprawid\u0142owe lub nieaktualne, b\u0119dziemy wdzi\u0119czni za poinformowanie nas o tym. Wska\u017c, gdzie na stronie przeczyta\u0142e\u015b informacje. Przyjrzymy si\u0119 temu tak szybko, jak to mo\u017cliwe. Prosimy o przes\u0142anie odpowiedzi e-mailem na adres: <span class=\"cmplz-obfuscate\">inf&#111;@<span class=\"cmplz-fmail-domain\">&#101;&#120;.&#099;&#111;m<\/span>&#112;&#097;&#099;kit.&#101;u<\/span>.<\/p><p>Nie ponosimy odpowiedzialno\u015bci za straty wynikaj\u0105ce z nie\u015bcis\u0142o\u015bci lub niekompletno\u015bci, ani za straty wynikaj\u0105ce z problem\u00f3w spowodowanych lub nieod\u0142\u0105cznie zwi\u0105zanych z rozpowszechnianiem informacji przez internet, takich jak zak\u0142\u00f3cenia lub przerwy. Korzystaj\u0105c z formularzy internetowych, staramy si\u0119 ograniczy\u0107 liczb\u0119 wymaganych p\u00f3l do minimum. Za jakiekolwiek straty poniesione w wyniku wykorzystania danych, porad lub pomys\u0142\u00f3w dostarczonych przez lub w imieniu Pack-It B.V. za po\u015brednictwem tej witryny, Pack-It B.V. nie ponosi \u017cadnej odpowiedzialno\u015bci.<\/p><p>Korzystanie ze strony internetowej i wszystkich jej komponent\u00f3w (w tym for\u00f3w) podlega <a href=\"https:\/\/packit.eu\/algemene-verkoop-leverings-en-betalingsvoorwaarden\/\" target=\"_blank\">terms of use<\/a>. Samo korzystanie z tej witryny oznacza znajomo\u015b\u0107 i akceptacj\u0119 niniejszych warunk\u00f3w u\u017cytkowania.<\/p><p>Wszelkie dane osobowe, kt\u00f3re nam przeka\u017cesz w kontek\u015bcie twojej odpowiedzi lub pro\u015bby o informacje, b\u0119d\u0105 wykorzystywane wy\u0142\u0105cznie zgodnie z naszym o\u015bwiadczeniem o ochronie prywatno\u015bci.<\/p><p>Wszystkie prawa w\u0142asno\u015bci intelektualnej do zawarto\u015bci tej witryny nale\u017c\u0105 do Pack-It B.V..<\/p><p>Kopiowanie, rozpowszechnianie i jakiekolwiek inne wykorzystywanie tych materia\u0142\u00f3w jest zabronione bez pisemnej zgody Pack-It B.V., z wyj\u0105tkiem i tylko w zakresie, w jakim okre\u015blono inaczej w obowi\u0105zuj\u0105cych przepisach (takich jak prawo do cytowania), chyba \u017ce okre\u015blone tre\u015bci nakazuj\u0105 inaczej.<\/p><p>Je\u015bli masz jakie\u015b pytania lub problemy z dost\u0119pno\u015bci\u0105 strony, nie wahaj si\u0119 z nami skontaktowa\u0107.<\/p><\/div>\n","protected":false},"excerpt":{"rendered":"","protected":false},"author":1,"featured_media":0,"parent":0,"menu_order":0,"comment_status":"closed","ping_status":"closed","template":"","meta":{"_acf_changed":false,"inline_featured_image":false,"footnotes":""},"class_list":["post-21287","page","type-page","status-publish","hentry"],"acf":[],"_links":{"self":[{"href":"https:\/\/packit.eu\/pl\/wp-json\/wp\/v2\/pages\/21287","targetHints":{"allow":["GET"]}}],"collection":[{"href":"https:\/\/packit.eu\/pl\/wp-json\/wp\/v2\/pages"}],"about":[{"href":"https:\/\/packit.eu\/pl\/wp-json\/wp\/v2\/types\/page"}],"author":[{"embeddable":true,"href":"https:\/\/packit.eu\/pl\/wp-json\/wp\/v2\/users\/1"}],"replies":[{"embeddable":true,"href":"https:\/\/packit.eu\/pl\/wp-json\/wp\/v2\/comments?post=21287"}],"version-history":[{"count":0,"href":"https:\/\/packit.eu\/pl\/wp-json\/wp\/v2\/pages\/21287\/revisions"}],"wp:attachment":[{"href":"https:\/\/packit.eu\/pl\/wp-json\/wp\/v2\/media?parent=21287"}],"curies":[{"name":"wp","href":"https:\/\/api.w.org\/{rel}","templated":true}]}}