{"id":22006,"date":"2025-09-15T12:19:32","date_gmt":"2025-09-15T12:19:32","guid":{"rendered":"https:\/\/packit.eu\/polityka-prywatnosci\/"},"modified":"2025-11-10T08:41:47","modified_gmt":"2025-11-10T08:41:47","slug":"polityka-prywatnosci","status":"publish","type":"page","link":"https:\/\/packit.eu\/pl\/polityka-prywatnosci\/","title":{"rendered":"Polityka prywatno\u015bci"},"content":{"rendered":"\t\t<div data-elementor-type=\"wp-page\" data-elementor-id=\"22006\" class=\"elementor elementor-22006 elementor-10629\" data-elementor-post-type=\"page\">\n\t\t\t\t<div class=\"elementor-element elementor-element-63d65ec1 achtergrond-blauw sp-s e-flex e-con-boxed e-con e-parent\" data-id=\"63d65ec1\" data-element_type=\"container\" data-e-type=\"container\">\n\t\t\t\t\t<div class=\"e-con-inner\">\n\t\t<div class=\"elementor-element elementor-element-5b91dafb e-con-full e-flex e-con e-child\" data-id=\"5b91dafb\" data-element_type=\"container\" data-e-type=\"container\">\n\t\t\t\t<div class=\"elementor-element elementor-element-1a60a59d elementor-widget elementor-widget-heading\" data-id=\"1a60a59d\" data-element_type=\"widget\" data-e-type=\"widget\" data-widget_type=\"heading.default\">\n\t\t\t\t\t<h5 class=\"elementor-heading-title elementor-size-default\">Polityka prywatno\u015bci Pack-It B.V.<\/h5>\t\t\t\t<\/div>\n\t\t\t\t<div class=\"elementor-element elementor-element-5fa2a9e0 elementor-widget elementor-widget-heading\" data-id=\"5fa2a9e0\" data-element_type=\"widget\" data-e-type=\"widget\" data-widget_type=\"heading.default\">\n\t\t\t\t\t<h2 class=\"elementor-heading-title elementor-size-default\">Przywi\u0105zujemy du\u017c\u0105 wag\u0119 do Pa\u0144stwa prywatno\u015bci<\/h2>\t\t\t\t<\/div>\n\t\t\t\t<\/div>\n\t\t\t\t<div class=\"elementor-element elementor-element-cdf5e92 elementor-widget elementor-widget-text-editor\" data-id=\"cdf5e92\" data-element_type=\"widget\" data-e-type=\"widget\" data-widget_type=\"text-editor.default\">\n\t\t\t\t\t\t\t\t\tW Packit przywi\u0105zujemy du\u017c\u0105 wag\u0119 do Pa\u0144stwa prywatno\u015bci i ochrony danych osobowych. W niniejszej polityce prywatno\u015bci wyja\u015bniamy, w jaki spos\u00f3b post\u0119pujemy z danymi, kt\u00f3re gromadzimy podczas Pa\u0144stwa wizyty na naszej stronie internetowej i korzystania z naszych us\u0142ug. \t\t\t\t\t\t\t\t<\/div>\n\t\t\t\t\t<\/div>\n\t\t\t\t<\/div>\n\t\t<div class=\"elementor-element elementor-element-3788fb9 achtergrond-blauw sp-xl e-flex e-con-boxed e-con e-parent\" data-id=\"3788fb9\" data-element_type=\"container\" data-e-type=\"container\">\n\t\t\t\t\t<div class=\"e-con-inner\">\n\t\t<div class=\"elementor-element elementor-element-3f9b8be8 e-con-full e-flex e-con e-child\" data-id=\"3f9b8be8\" data-element_type=\"container\" data-e-type=\"container\">\n\t\t\t\t<div data-dce-title-color=\"#005BBB\" class=\"elementor-element elementor-element-6ec1529 elementor-widget elementor-widget-heading\" data-id=\"6ec1529\" data-element_type=\"widget\" data-e-type=\"widget\" data-widget_type=\"heading.default\">\n\t\t\t\t\t<h3 class=\"elementor-heading-title elementor-size-default\">1. Jakie dane gromadzimy? <\/h3>\t\t\t\t<\/div>\n\t\t\t\t<div class=\"elementor-element elementor-element-557ec19d elementor-widget elementor-widget-text-editor\" data-id=\"557ec19d\" data-element_type=\"widget\" data-e-type=\"widget\" data-widget_type=\"text-editor.default\">\n\t\t\t\t\t\t\t\t\t<p>\u2022 Imi\u0119, nazwisko i dane kontaktowe (takie jak adres, numer telefonu i adres e-mail)<br>\u2022 Dane dotycz\u0105ce zam\u00f3wie\u0144 i historii zakup\u00f3w<br>\u2022 Dane konta, je\u015bli zosta\u0142o utworzone<br>\u2022 Dane dotycz\u0105ce strony internetowej i u\u017cytkowania poprzez pliki cookie i podobne technologie<\/p>\t\t\t\t\t\t\t\t<\/div>\n\t\t\t\t<\/div>\n\t\t<div class=\"elementor-element elementor-element-7d8df384 e-con-full achtergrond-blauw e-flex e-con e-child\" data-id=\"7d8df384\" data-element_type=\"container\" data-e-type=\"container\">\n\t\t\t\t<div data-dce-title-color=\"#005BBB\" class=\"elementor-element elementor-element-1e7e6e7d elementor-widget elementor-widget-heading\" data-id=\"1e7e6e7d\" data-element_type=\"widget\" data-e-type=\"widget\" data-widget_type=\"heading.default\">\n\t\t\t\t\t<h3 class=\"elementor-heading-title elementor-size-default\">2. W jaki spos\u00f3b wykorzystujemy Pa\u0144stwa dane? <\/h3>\t\t\t\t<\/div>\n\t\t\t\t<div class=\"elementor-element elementor-element-79d539d6 elementor-widget elementor-widget-text-editor\" data-id=\"79d539d6\" data-element_type=\"widget\" data-e-type=\"widget\" data-widget_type=\"text-editor.default\">\n\t\t\t\t\t\t\t\t\t<p>\u2022 Do przetwarzania i realizacji zam\u00f3wie\u0144<br>\u2022 Do usprawniania i personalizacji naszych us\u0142ug<br>\u2022 Do komunikacji w sprawie zam\u00f3wie\u0144 oraz ewentualnych pyta\u0144 lub reklamacji<br>\u2022 Do wspierania dzia\u0142a\u0144 marketingowych i promocyjnych (za Pa\u0144stwa zgod\u0105)<br>\u2022 Do wype\u0142niania zobowi\u0105za\u0144 prawnych<\/p>\t\t\t\t\t\t\t\t<\/div>\n\t\t\t\t<\/div>\n\t\t<div class=\"elementor-element elementor-element-398b019 e-con-full e-flex e-con e-child\" data-id=\"398b019\" data-element_type=\"container\" data-e-type=\"container\">\n\t\t\t\t<div data-dce-title-color=\"#005BBB\" class=\"elementor-element elementor-element-7f4b4ae elementor-widget elementor-widget-heading\" data-id=\"7f4b4ae\" data-element_type=\"widget\" data-e-type=\"widget\" data-widget_type=\"heading.default\">\n\t\t\t\t\t<h3 class=\"elementor-heading-title elementor-size-default\">3. Komu udost\u0119pniamy Pa\u0144stwa dane? <\/h3>\t\t\t\t<\/div>\n\t\t\t\t<div class=\"elementor-element elementor-element-820f838 elementor-widget elementor-widget-text-editor\" data-id=\"820f838\" data-element_type=\"widget\" data-e-type=\"widget\" data-widget_type=\"text-editor.default\">\n\t\t\t\t\t\t\t\t\t<p>\u2022 Firmom kurierskim i dostawczym<br>\u2022 Podmiotom przetwarzaj\u0105cym p\u0142atno\u015bci<br>\u2022 Dostawcom us\u0142ug IT i hostingowych<br>\u2022 Organom pa\u0144stwowym, gdy jest to prawnie wymagane<\/p>\t\t\t\t\t\t\t\t<\/div>\n\t\t\t\t<\/div>\n\t\t<div class=\"elementor-element elementor-element-c4f8974 e-con-full e-flex e-con e-child\" data-id=\"c4f8974\" data-element_type=\"container\" data-e-type=\"container\">\n\t\t\t\t<div data-dce-title-color=\"#005BBB\" class=\"elementor-element elementor-element-8beba31 elementor-widget elementor-widget-heading\" data-id=\"8beba31\" data-element_type=\"widget\" data-e-type=\"widget\" data-widget_type=\"heading.default\">\n\t\t\t\t\t<h3 class=\"elementor-heading-title elementor-size-default\">4. W jaki spos\u00f3b chronimy Pa\u0144stwa dane? <\/h3>\t\t\t\t<\/div>\n\t\t\t\t<div class=\"elementor-element elementor-element-322ac6f elementor-widget elementor-widget-text-editor\" data-id=\"322ac6f\" data-element_type=\"widget\" data-e-type=\"widget\" data-widget_type=\"text-editor.default\">\n\t\t\t\t\t\t\t\t\t<p>\u2022 Poprzez wykorzystanie zabezpieczonych serwer\u00f3w i szyfrowania<br>\u2022 Poprzez ograniczenie dost\u0119pu do Pa\u0144stwa danych wy\u0142\u0105cznie dla upowa\u017cnionych pracownik\u00f3w<\/p>\t\t\t\t\t\t\t\t<\/div>\n\t\t\t\t<\/div>\n\t\t<div class=\"elementor-element elementor-element-579c287 e-con-full e-flex e-con e-child\" data-id=\"579c287\" data-element_type=\"container\" data-e-type=\"container\">\n\t\t\t\t<div data-dce-title-color=\"#005BBB\" class=\"elementor-element elementor-element-7d44a4e elementor-widget elementor-widget-heading\" data-id=\"7d44a4e\" data-element_type=\"widget\" data-e-type=\"widget\" data-widget_type=\"heading.default\">\n\t\t\t\t\t<h3 class=\"elementor-heading-title elementor-size-default\">5. Jak d\u0142ugo przechowujemy Pa\u0144stwa dane? <\/h3>\t\t\t\t<\/div>\n\t\t\t\t<div class=\"elementor-element elementor-element-4c6766c elementor-widget elementor-widget-text-editor\" data-id=\"4c6766c\" data-element_type=\"widget\" data-e-type=\"widget\" data-widget_type=\"text-editor.default\">\n\t\t\t\t\t\t\t\t\t<p>\u2022 Tak d\u0142ugo, jak jest to konieczne do realizacji umowy i spe\u0142nienia wymog\u00f3w prawnych.<br>\u2022 Na przyk\u0142ad, faktury s\u0105 przechowywane przez 7 lat.<\/p>\t\t\t\t\t\t\t\t<\/div>\n\t\t\t\t<\/div>\n\t\t<div class=\"elementor-element elementor-element-0d0133b e-con-full e-flex e-con e-child\" data-id=\"0d0133b\" data-element_type=\"container\" data-e-type=\"container\">\n\t\t\t\t<div data-dce-title-color=\"#005BBB\" class=\"elementor-element elementor-element-c20c9aa elementor-widget elementor-widget-heading\" data-id=\"c20c9aa\" data-element_type=\"widget\" data-e-type=\"widget\" data-widget_type=\"heading.default\">\n\t\t\t\t\t<h3 class=\"elementor-heading-title elementor-size-default\">6. Pa\u0144stwa prawa <\/h3>\t\t\t\t<\/div>\n\t\t\t\t<div class=\"elementor-element elementor-element-18eeeba elementor-widget elementor-widget-text-editor\" data-id=\"18eeeba\" data-element_type=\"widget\" data-e-type=\"widget\" data-widget_type=\"text-editor.default\">\n\t\t\t\t\t\t\t\t\t<p>\u2022 Maj\u0105 Pa\u0144stwo prawo do wgl\u0105du w swoje dane osobowe<br>\u2022 Mog\u0105 Pa\u0144stwo poprawi\u0107 lub usun\u0105\u0107 swoje dane<br>\u2022 Mog\u0105 Pa\u0144stwo zrezygnowa\u0107 z otrzymywania naszych komunikat\u00f3w handlowych<\/p>\t\t\t\t\t\t\t\t<\/div>\n\t\t\t\t<\/div>\n\t\t<div class=\"elementor-element elementor-element-9189b1d e-con-full e-flex e-con e-child\" data-id=\"9189b1d\" data-element_type=\"container\" data-e-type=\"container\">\n\t\t\t\t<div data-dce-title-color=\"#005BBB\" class=\"elementor-element elementor-element-776fef0 elementor-widget elementor-widget-heading\" data-id=\"776fef0\" data-element_type=\"widget\" data-e-type=\"widget\" data-widget_type=\"heading.default\">\n\t\t\t\t\t<h3 class=\"elementor-heading-title elementor-size-default\">7. Kontakt<\/h3>\t\t\t\t<\/div>\n\t\t\t\t<div class=\"elementor-element elementor-element-e3bd3c0 elementor-widget elementor-widget-text-editor\" data-id=\"e3bd3c0\" data-element_type=\"widget\" data-e-type=\"widget\" data-widget_type=\"text-editor.default\">\n\t\t\t\t\t\t\t\t\t<p>W przypadku pyta\u0144 lub uwag dotycz\u0105cych naszej polityki prywatno\u015bci, prosimy o kontakt poprzez info@packit.eu <\/p>\t\t\t\t\t\t\t\t<\/div>\n\t\t\t\t<\/div>\n\t\t\t\t\t<\/div>\n\t\t\t\t<\/div>\n\t\t\t\t<\/div>\n\t\t","protected":false},"excerpt":{"rendered":"<p>Polityka prywatno\u015bci Pack-It B.V. Przywi\u0105zujemy du\u017c\u0105 wag\u0119 do Pa\u0144stwa prywatno\u015bci W Packit przywi\u0105zujemy du\u017c\u0105 wag\u0119 do Pa\u0144stwa prywatno\u015bci i ochrony danych osobowych. W niniejszej polityce prywatno\u015bci wyja\u015bniamy, w jaki spos\u00f3b post\u0119pujemy z danymi, kt\u00f3re gromadzimy podczas Pa\u0144stwa wizyty na naszej stronie internetowej i korzystania z naszych us\u0142ug. 1. Jakie dane gromadzimy? \u2022 Imi\u0119, nazwisko i [&hellip;]<\/p>\n","protected":false},"author":2,"featured_media":0,"parent":0,"menu_order":0,"comment_status":"closed","ping_status":"closed","template":"","meta":{"_acf_changed":false,"inline_featured_image":false,"footnotes":""},"class_list":["post-22006","page","type-page","status-publish","hentry"],"acf":[],"_links":{"self":[{"href":"https:\/\/packit.eu\/pl\/wp-json\/wp\/v2\/pages\/22006","targetHints":{"allow":["GET"]}}],"collection":[{"href":"https:\/\/packit.eu\/pl\/wp-json\/wp\/v2\/pages"}],"about":[{"href":"https:\/\/packit.eu\/pl\/wp-json\/wp\/v2\/types\/page"}],"author":[{"embeddable":true,"href":"https:\/\/packit.eu\/pl\/wp-json\/wp\/v2\/users\/2"}],"replies":[{"embeddable":true,"href":"https:\/\/packit.eu\/pl\/wp-json\/wp\/v2\/comments?post=22006"}],"version-history":[{"count":1,"href":"https:\/\/packit.eu\/pl\/wp-json\/wp\/v2\/pages\/22006\/revisions"}],"predecessor-version":[{"id":22009,"href":"https:\/\/packit.eu\/pl\/wp-json\/wp\/v2\/pages\/22006\/revisions\/22009"}],"wp:attachment":[{"href":"https:\/\/packit.eu\/pl\/wp-json\/wp\/v2\/media?parent=22006"}],"curies":[{"name":"wp","href":"https:\/\/api.w.org\/{rel}","templated":true}]}}